{"id":1133,"date":"2019-07-22T09:04:37","date_gmt":"2019-07-22T09:04:37","guid":{"rendered":"http:\/\/localhost\/bigger\/?page_id=1133"},"modified":"2024-03-26T16:32:27","modified_gmt":"2024-03-26T16:32:27","slug":"chi-siamo","status":"publish","type":"page","link":"https:\/\/www.gagliandistampaggio.it\/index.php\/chi-siamo\/","title":{"rendered":"Chi Siamo"},"content":{"rendered":"\t\t<div data-elementor-type=\"wp-post\" data-elementor-id=\"1133\" class=\"elementor elementor-1133\">\n\t\t\t\t<div class=\"elementor-element elementor-element-3467741 e-flex e-con-boxed e-con e-parent\" data-id=\"3467741\" data-element_type=\"container\" data-settings=\"{&quot;container_type&quot;:&quot;flex&quot;,&quot;content_width&quot;:&quot;boxed&quot;}\" data-core-v316-plus=\"true\">\n\t\t\t\t\t<div class=\"e-con-inner\">\n\t\t\t\t<div class=\"elementor-element elementor-element-8c6a35f elementor-widget elementor-widget-heading\" data-id=\"8c6a35f\" data-element_type=\"widget\" data-widget_type=\"heading.default\">\n\t\t\t\t<div class=\"elementor-widget-container\">\n\t\t\t<h2 class=\"elementor-heading-title elementor-size-default\">Fratelli Gagliandi \u00e8 certificata ISO9001 >>><a href=\"https:\/\/www.gagliandistampaggio.it\/index.php\/qualita\/\">visualizza il certificato<\/a><\/h2>\t\t<\/div>\n\t\t\t\t<\/div>\n\t\t\t\t<div class=\"elementor-element elementor-element-f21a249 elementor-widget elementor-widget-image\" data-id=\"f21a249\" data-element_type=\"widget\" data-widget_type=\"image.default\">\n\t\t\t\t<div class=\"elementor-widget-container\">\n\t\t\t\t\t\t\t\t\t\t\t\t\t<img fetchpriority=\"high\" decoding=\"async\" width=\"300\" height=\"194\" src=\"https:\/\/www.gagliandistampaggio.it\/wp-content\/uploads\/2024\/03\/Screenshot-2024-03-26-alle-16.53.22-300x194.png\" class=\"attachment-medium size-medium wp-image-3441\" alt=\"\" srcset=\"https:\/\/www.gagliandistampaggio.it\/wp-content\/uploads\/2024\/03\/Screenshot-2024-03-26-alle-16.53.22-300x194.png 300w, https:\/\/www.gagliandistampaggio.it\/wp-content\/uploads\/2024\/03\/Screenshot-2024-03-26-alle-16.53.22.png 748w\" sizes=\"(max-width: 300px) 100vw, 300px\" \/>\t\t\t\t\t\t\t\t\t\t\t\t\t<\/div>\n\t\t\t\t<\/div>\n\t\t\t\t\t<\/div>\n\t\t\t\t<\/div>\n\t\t\t\t<section class=\"elementor-section elementor-top-section elementor-element elementor-element-c956f5e elementor-section-boxed elementor-section-height-default elementor-section-height-default\" data-id=\"c956f5e\" data-element_type=\"section\">\n\t\t\t\t\t\t<div class=\"elementor-container elementor-column-gap-extended\">\n\t\t\t\t\t<div class=\"elementor-column elementor-col-100 elementor-top-column elementor-element elementor-element-9b08107\" data-id=\"9b08107\" data-element_type=\"column\">\n\t\t\t<div class=\"elementor-widget-wrap elementor-element-populated\">\n\t\t\t\t\t\t<div class=\"elementor-element elementor-element-3ebbead e-transform elementor-widget elementor-widget-heading\" data-id=\"3ebbead\" data-element_type=\"widget\" data-settings=\"{&quot;_transform_skewX_effect&quot;:{&quot;unit&quot;:&quot;px&quot;,&quot;size&quot;:&quot;&quot;,&quot;sizes&quot;:[]},&quot;_transform_skewX_effect_tablet&quot;:{&quot;unit&quot;:&quot;deg&quot;,&quot;size&quot;:&quot;&quot;,&quot;sizes&quot;:[]},&quot;_transform_skewX_effect_mobile&quot;:{&quot;unit&quot;:&quot;deg&quot;,&quot;size&quot;:&quot;&quot;,&quot;sizes&quot;:[]},&quot;_transform_skewY_effect&quot;:{&quot;unit&quot;:&quot;px&quot;,&quot;size&quot;:&quot;&quot;,&quot;sizes&quot;:[]},&quot;_transform_skewY_effect_tablet&quot;:{&quot;unit&quot;:&quot;deg&quot;,&quot;size&quot;:&quot;&quot;,&quot;sizes&quot;:[]},&quot;_transform_skewY_effect_mobile&quot;:{&quot;unit&quot;:&quot;deg&quot;,&quot;size&quot;:&quot;&quot;,&quot;sizes&quot;:[]}}\" data-widget_type=\"heading.default\">\n\t\t\t\t<div class=\"elementor-widget-container\">\n\t\t\t<h2 class=\"elementor-heading-title elementor-size-large\">\"fratelli gagliandi\" srl<\/h2>\t\t<\/div>\n\t\t\t\t<\/div>\n\t\t\t\t<div class=\"elementor-element elementor-element-bb79103 elementor-widget elementor-widget-heading\" data-id=\"bb79103\" data-element_type=\"widget\" data-widget_type=\"heading.default\">\n\t\t\t\t<div class=\"elementor-widget-container\">\n\t\t\t<h2 class=\"elementor-heading-title elementor-size-large\">50 anni di esperienza nello stampaggio a caldo dell'acciaio.\n<\/h2>\t\t<\/div>\n\t\t\t\t<\/div>\n\t\t\t\t<div class=\"elementor-element elementor-element-0c61891 elementor-widget elementor-widget-spacer\" data-id=\"0c61891\" data-element_type=\"widget\" data-widget_type=\"spacer.default\">\n\t\t\t\t<div class=\"elementor-widget-container\">\n\t\t\t\t\t<div class=\"elementor-spacer\">\n\t\t\t<div class=\"elementor-spacer-inner\"><\/div>\n\t\t<\/div>\n\t\t\t\t<\/div>\n\t\t\t\t<\/div>\n\t\t\t\t<div class=\"elementor-element elementor-element-c2f6300 elementor-widget elementor-widget-text-editor\" data-id=\"c2f6300\" data-element_type=\"widget\" data-widget_type=\"text-editor.default\">\n\t\t\t\t<div class=\"elementor-widget-container\">\n\t\t\t\t\t\t\t<p>L\u2019azienda <strong>F.lli Gagliandi Srl<\/strong> \u00e8 una stamperia che esegue lo stampaggio a caldo dell\u2019acciaio producendo oggetti e particolari metallici su misura.<\/p><p>\u00a0Operiamo da oltre 50 anni nel settore e ci siamo specializzati negli anni nella forgiatura e stampaggio di parti e ricambi per i settori automotive, movimento terra, macchine agricole e particolari per l\u2019industria in generale come ferroviario, produzione di pompe ecc.\u00a0<\/p><p>L\u2019azienda, con provata esperienza e competenza, \u00e8 stata in grado di realizzare tutte le richieste dei clienti con estrema professionalit\u00e0 e rapidit\u00e0.<\/p>\t\t\t\t\t\t<\/div>\n\t\t\t\t<\/div>\n\t\t\t\t<div class=\"elementor-element elementor-element-1d6cd4f elementor-widget elementor-widget-image\" data-id=\"1d6cd4f\" data-element_type=\"widget\" data-widget_type=\"image.default\">\n\t\t\t\t<div class=\"elementor-widget-container\">\n\t\t\t\t\t\t\t\t\t\t\t\t\t<img decoding=\"async\" width=\"1062\" height=\"597\" src=\"https:\/\/www.gagliandistampaggio.it\/wp-content\/uploads\/2020\/04\/go_photo_1586623120752.jpg\" class=\"attachment-full size-full wp-image-3289\" alt=\"\" srcset=\"https:\/\/www.gagliandistampaggio.it\/wp-content\/uploads\/2020\/04\/go_photo_1586623120752.jpg 1062w, https:\/\/www.gagliandistampaggio.it\/wp-content\/uploads\/2020\/04\/go_photo_1586623120752-300x169.jpg 300w, https:\/\/www.gagliandistampaggio.it\/wp-content\/uploads\/2020\/04\/go_photo_1586623120752-1024x576.jpg 1024w, https:\/\/www.gagliandistampaggio.it\/wp-content\/uploads\/2020\/04\/go_photo_1586623120752-768x432.jpg 768w\" sizes=\"(max-width: 1062px) 100vw, 1062px\" \/>\t\t\t\t\t\t\t\t\t\t\t\t\t<\/div>\n\t\t\t\t<\/div>\n\t\t\t\t<div class=\"elementor-element elementor-element-ec6aced elementor-widget elementor-widget-text-editor\" data-id=\"ec6aced\" data-element_type=\"widget\" data-widget_type=\"text-editor.default\">\n\t\t\t\t<div class=\"elementor-widget-container\">\n\t\t\t\t\t\t\t<p class=\"testo1\">Il reparto di progettazione interno \u00e8 a disposizione dei nostri clienti per l\u2019industrializzazione e la realizzazione del prototipo sia su disegno che su campione fornito.<br \/>Attraverso la nostra collaborazione ed esperienza abbiamo saputo consigliare ad esempio i materiali pi\u00f9 idonei per la realizzazione dei componenti al fine di ridurre i costi dei materiali del committente oppure per migliorare le caratteristiche tecniche del componente.<br \/>La stamperia esegue tutti processi delle lavorazioni offerte internamente, sia in caso di produzione su larga scala che in piccole serie, rivolgendosi sia al mercato nazionale che internazionale.<\/p><p><strong><span class=\"blugrass\">Reparto Progettazione e Produzione<\/span><\/strong><br \/>Il reparto di progettazione interno all&#8217;azienda \u00e8 a disposizione del cliente per la realizzazione del prototipo, sia su disegno che su campione fornito, per la scelta del tipo di lega metallica e il metodo di lavorazione da impiegare.<\/p><p class=\"testo1\"><strong>Tra le lavorazioni pi\u00f9 richieste:<\/strong><\/p><ul><li class=\"testo1\">parti meccaniche per macchinari industriali;<\/li><li class=\"testo1\">ricambi per macchine agricole;<\/li><li class=\"testo1\">ricambi per macchine movimentazione terra;<\/li><li class=\"testo1\">stampati a disegno.<\/li><\/ul>\t\t\t\t\t\t<\/div>\n\t\t\t\t<\/div>\n\t\t\t\t\t<\/div>\n\t\t<\/div>\n\t\t\t\t\t<\/div>\n\t\t<\/section>\n\t\t\t\t<section class=\"elementor-section elementor-top-section elementor-element elementor-element-ccb444c elementor-section-boxed elementor-section-height-default elementor-section-height-default\" data-id=\"ccb444c\" data-element_type=\"section\">\n\t\t\t\t\t\t<div class=\"elementor-container elementor-column-gap-default\">\n\t\t\t\t\t<div class=\"elementor-column elementor-col-100 elementor-top-column elementor-element elementor-element-ab9ee06\" data-id=\"ab9ee06\" data-element_type=\"column\">\n\t\t\t<div class=\"elementor-widget-wrap\">\n\t\t\t\t\t\t\t<\/div>\n\t\t<\/div>\n\t\t\t\t\t<\/div>\n\t\t<\/section>\n\t\t\t\t<\/div>\n\t\t","protected":false},"excerpt":{"rendered":"<p>Fratelli Gagliandi \u00e8 certificata ISO9001 >>>visualizza il certificato &#8220;fratelli gagliandi&#8221; srl 50 anni di esperienza nello stampaggio a caldo dell&#8217;acciaio. L\u2019azienda F.lli Gagliandi Srl \u00e8 una stamperia che esegue lo stampaggio a caldo dell\u2019acciaio producendo oggetti e particolari metallici su misura. \u00a0Operiamo da oltre 50 anni nel settore e ci siamo specializzati negli anni nella [&hellip;]<\/p>\n","protected":false},"author":4,"featured_media":0,"parent":0,"menu_order":0,"comment_status":"closed","ping_status":"closed","template":"","meta":{"footnotes":""},"_links":{"self":[{"href":"https:\/\/www.gagliandistampaggio.it\/index.php\/wp-json\/wp\/v2\/pages\/1133"}],"collection":[{"href":"https:\/\/www.gagliandistampaggio.it\/index.php\/wp-json\/wp\/v2\/pages"}],"about":[{"href":"https:\/\/www.gagliandistampaggio.it\/index.php\/wp-json\/wp\/v2\/types\/page"}],"author":[{"embeddable":true,"href":"https:\/\/www.gagliandistampaggio.it\/index.php\/wp-json\/wp\/v2\/users\/4"}],"replies":[{"embeddable":true,"href":"https:\/\/www.gagliandistampaggio.it\/index.php\/wp-json\/wp\/v2\/comments?post=1133"}],"version-history":[{"count":36,"href":"https:\/\/www.gagliandistampaggio.it\/index.php\/wp-json\/wp\/v2\/pages\/1133\/revisions"}],"predecessor-version":[{"id":3510,"href":"https:\/\/www.gagliandistampaggio.it\/index.php\/wp-json\/wp\/v2\/pages\/1133\/revisions\/3510"}],"wp:attachment":[{"href":"https:\/\/www.gagliandistampaggio.it\/index.php\/wp-json\/wp\/v2\/media?parent=1133"}],"curies":[{"name":"wp","href":"https:\/\/api.w.org\/{rel}","templated":true}]}}